{"id":1058,"date":"2021-04-28T16:15:37","date_gmt":"2021-04-28T16:15:37","guid":{"rendered":"https:\/\/burghbeach.com\/?page_id=1058"},"modified":"2023-12-21T20:57:14","modified_gmt":"2023-12-21T20:57:14","slug":"welkom","status":"publish","type":"page","link":"https:\/\/burghbeach.com\/de\/welkom\/","title":{"rendered":"Wilkommen in Burgh Beach!"},"content":{"rendered":"\n<p>Hallo!<\/p>\n\n\n\n<p>Herzlich willkommen in unserem Ferienhaus Burgh Beach.<\/p>\n\n\n\n<p>Wir hoffen, dass Sie eine gute Reise hatten! Jetzt kann der Urlaub richtig beginnen. In unserem &#8211; wenn wir das selbst sagen \ud83d\ude09 &#8211; sch\u00f6nes Haus. Voll ausgestattet, so dass Sie sofort nach der Ankunft in den Relax-Modus k\u00f6nnen.&nbsp;<\/p>\n\n\n\n<p>Bitte lesen Sie untenstehende Information. So wissen Sie sofort was das Haus zu bieten hat.&nbsp;<\/p>\n\n\n\n<p>Lassen Sie uns wissen, wie Sie es erfahren? Das gef\u00e4llt uns! Und haben Sie Tipps, vermissen Sie etwas oder ist etwas kaputt? Auch das w\u00fcrden wir gerne h\u00f6ren! Sie k\u00f6nnen uns eine E-Mail (<a href=\"mailto:burghbeach@hotmail.com\">burghbeach@hotmail.com<\/a>) oder Whatsapp schicken. Oder wenden Sie sich an den Vermieter, <a href=\"https:\/\/www.opvakantieinzeeland.nl\/vakantiehuizen\/burgh-haamstede-zeepeduinen-11-burgh-beach\/9578e9?utm_source=online&amp;utm_medium=website&amp;utm_campaign=generic&amp;utm_content=CTA\">Op Vakantie in Zeeland<\/a>: +31 111 651 666.<\/p>\n\n\n\n<p>Frohe Feiertage! Viel Spa\u00df!<\/p>\n\n\n\n<p>Gr\u00fc\u00dfe,&nbsp;<\/p>\n\n\n\n<p>Marijke (+31 6 546 542 48) und Joris (+31 6 557 073 33)<\/p>\n\n\n\n<div class=\"wp-block-file\"><a id=\"wp-block-file--media-2ba566a2-7bb4-4cbc-89eb-d30d213c38ec\" href=\"https:\/\/burghbeach.com\/wp-content\/uploads\/2021\/05\/Nutzlich-zu-wissen-DE.pdf\">Nutzlich-zu-wissen<\/a><a href=\"https:\/\/burghbeach.com\/wp-content\/uploads\/2021\/05\/Nutzlich-zu-wissen-DE.pdf\" class=\"wp-block-file__button wp-element-button\" download aria-describedby=\"wp-block-file--media-2ba566a2-7bb4-4cbc-89eb-d30d213c38ec\">Download<\/a><\/div>\n\n\n\n<div class=\"wp-block-file\"><a id=\"wp-block-file--media-c520b996-8dfc-4c1c-8e56-97c0b7747da8\" href=\"https:\/\/burghbeach.com\/wp-content\/uploads\/2021\/05\/Bedienungsanleitungen-DE-1.pdf\">Bedienungsanleitungen<\/a><a href=\"https:\/\/burghbeach.com\/wp-content\/uploads\/2021\/05\/Bedienungsanleitungen-DE-1.pdf\" class=\"wp-block-file__button wp-element-button\" download aria-describedby=\"wp-block-file--media-c520b996-8dfc-4c1c-8e56-97c0b7747da8\">Download<\/a><\/div>\n","protected":false},"excerpt":{"rendered":"<p>Hallo! Herzlich willkommen in unserem Ferienhaus Burgh Beach. Wir hoffen, dass Sie eine gute Reise hatten! Jetzt kann der Urlaub richtig beginnen. In unserem &#8211; wenn wir das selbst sagen \ud83d\ude09 &#8211; sch\u00f6nes Haus. Voll ausgestattet, so dass Sie sofort nach der Ankunft in den Relax-Modus k\u00f6nnen.&nbsp; Bitte lesen Sie untenstehende Information. So wissen Sie&hellip; <a class=\"more-link\" href=\"https:\/\/burghbeach.com\/de\/welkom\/\"><span class=\"screen-reader-text\">Wilkommen in Burgh Beach!<\/span> weiterlesen<\/a><\/p>\n","protected":false},"author":1,"featured_media":0,"parent":0,"menu_order":0,"comment_status":"closed","ping_status":"closed","template":"","meta":{"kt_blocks_editor_width":"","footnotes":""},"class_list":["post-1058","page","type-page","status-publish","hentry","entry"],"translation":{"provider":"WPGlobus","version":"2.7.8","language":"de","enabled_languages":["nl","de","en"],"languages":{"nl":{"title":true,"content":true,"excerpt":false},"de":{"title":true,"content":true,"excerpt":false},"en":{"title":true,"content":false,"excerpt":false}}},"yoast_head":"<!-- This site is optimized with the Yoast SEO plugin v16.5 - https:\/\/yoast.com\/wordpress\/plugins\/seo\/ -->\n<title>Wilkommen in Burgh Beach! - Burgh Beach, Ferienwohnung in Burgh Haamstede<\/title>\n<meta name=\"robots\" content=\"index, follow, max-snippet:-1, max-image-preview:large, max-video-preview:-1\" \/>\n<link rel=\"canonical\" href=\"https:\/\/burghbeach.com\/welkom\/\" \/>\n<meta property=\"og:locale\" content=\"de_DE\" \/>\n<meta property=\"og:type\" content=\"article\" \/>\n<meta property=\"og:title\" content=\"Wilkommen in Burgh Beach! - Burgh Beach, Ferienwohnung in Burgh Haamstede\" \/>\n<meta property=\"og:url\" content=\"https:\/\/burghbeach.com\/welkom\/\" \/>\n<meta property=\"og:site_name\" content=\"Burgh Beach, Ferienwohnung in Burgh Haamstede\" \/>\n<meta property=\"article:modified_time\" content=\"2023-12-21T20:57:14+00:00\" \/>\n<meta name=\"twitter:card\" content=\"summary_large_image\" \/>\n<meta name=\"twitter:label1\" content=\"Gesch\u00e4tzte Lesezeit\" \/>\n\t<meta name=\"twitter:data1\" content=\"1 Minute\" \/>\n<script type=\"application\/ld+json\" class=\"yoast-schema-graph\">{\"@context\":\"https:\/\/schema.org\",\"@graph\":[{\"@type\":\"WebSite\",\"@id\":\"https:\/\/burghbeach.com\/en\/#website\",\"url\":\"https:\/\/burghbeach.com\/en\/\",\"name\":\"Burgh Beach, Ferienwohnung in Burgh Haamstede\",\"description\":\"Weit weg, in der nahe\",\"potentialAction\":[{\"@type\":\"SearchAction\",\"target\":\"https:\/\/burghbeach.com\/en\/?s={search_term_string}\",\"query-input\":\"required name=search_term_string\"}],\"inLanguage\":\"de-DE\"},{\"@type\":\"WebPage\",\"@id\":\"https:\/\/burghbeach.com\/welkom\/#webpage\",\"url\":\"https:\/\/burghbeach.com\/welkom\/\",\"name\":\"Wilkommen in Burgh Beach! - Burgh Beach, Ferienwohnung in Burgh Haamstede\",\"isPartOf\":{\"@id\":\"https:\/\/burghbeach.com\/en\/#website\"},\"datePublished\":\"2021-04-28T16:15:37+00:00\",\"dateModified\":\"2023-12-21T20:57:14+00:00\",\"breadcrumb\":{\"@id\":\"https:\/\/burghbeach.com\/welkom\/#breadcrumb\"},\"inLanguage\":\"de-DE\",\"potentialAction\":[{\"@type\":\"ReadAction\",\"target\":[\"https:\/\/burghbeach.com\/welkom\/\"]}]},{\"@type\":\"BreadcrumbList\",\"@id\":\"https:\/\/burghbeach.com\/welkom\/#breadcrumb\",\"itemListElement\":[{\"@type\":\"ListItem\",\"position\":1,\"name\":\"Home\",\"item\":\"https:\/\/burghbeach.com\/\"},{\"@type\":\"ListItem\",\"position\":2,\"name\":\"Welkom in Burgh Beach!\"}]}]}<\/script>\n<!-- \/ Yoast SEO plugin. -->","_links":{"self":[{"href":"https:\/\/burghbeach.com\/de\/wp-json\/wp\/v2\/pages\/1058"}],"collection":[{"href":"https:\/\/burghbeach.com\/de\/wp-json\/wp\/v2\/pages"}],"about":[{"href":"https:\/\/burghbeach.com\/de\/wp-json\/wp\/v2\/types\/page"}],"author":[{"embeddable":true,"href":"https:\/\/burghbeach.com\/de\/wp-json\/wp\/v2\/users\/1"}],"replies":[{"embeddable":true,"href":"https:\/\/burghbeach.com\/de\/wp-json\/wp\/v2\/comments?post=1058"}],"version-history":[{"count":12,"href":"https:\/\/burghbeach.com\/de\/wp-json\/wp\/v2\/pages\/1058\/revisions"}],"predecessor-version":[{"id":1526,"href":"https:\/\/burghbeach.com\/de\/wp-json\/wp\/v2\/pages\/1058\/revisions\/1526"}],"wp:attachment":[{"href":"https:\/\/burghbeach.com\/de\/wp-json\/wp\/v2\/media?parent=1058"}],"curies":[{"name":"wp","href":"https:\/\/api.w.org\/{rel}","templated":true}]}}